{"id":2497,"date":"2021-07-26T09:51:20","date_gmt":"2021-07-26T13:51:20","guid":{"rendered":"https:\/\/camic.ca\/accueil\/"},"modified":"2026-04-16T12:37:52","modified_gmt":"2026-04-16T16:37:52","slug":"accueil","status":"publish","type":"page","link":"https:\/\/camic.ca\/fr\/","title":{"rendered":"Accueil"},"content":{"rendered":"","protected":false},"excerpt":{"rendered":"","protected":false},"author":17,"featured_media":0,"parent":0,"menu_order":0,"comment_status":"closed","ping_status":"closed","template":"","meta":{"_seopress_robots_primary_cat":"","_seopress_titles_title":"ACCAM | Porte-parole national des assureurs mutuels","_seopress_titles_desc":"L'association nationale des assureurs mutuels et coop\u00e9ratifs au Canada. Nous assurons le lobbying f\u00e9d\u00e9ral et la d\u00e9fense des int\u00e9r\u00eats de l'industrie mutuelle.","_seopress_robots_index":"","footnotes":""},"class_list":["post-2497","page","type-page","status-publish","hentry"],"_links":{"self":[{"href":"https:\/\/camic.ca\/fr\/wp-json\/wp\/v2\/pages\/2497","targetHints":{"allow":["GET"]}}],"collection":[{"href":"https:\/\/camic.ca\/fr\/wp-json\/wp\/v2\/pages"}],"about":[{"href":"https:\/\/camic.ca\/fr\/wp-json\/wp\/v2\/types\/page"}],"author":[{"embeddable":true,"href":"https:\/\/camic.ca\/fr\/wp-json\/wp\/v2\/users\/17"}],"replies":[{"embeddable":true,"href":"https:\/\/camic.ca\/fr\/wp-json\/wp\/v2\/comments?post=2497"}],"version-history":[{"count":0,"href":"https:\/\/camic.ca\/fr\/wp-json\/wp\/v2\/pages\/2497\/revisions"}],"wp:attachment":[{"href":"https:\/\/camic.ca\/fr\/wp-json\/wp\/v2\/media?parent=2497"}],"curies":[{"name":"wp","href":"https:\/\/api.w.org\/{rel}","templated":true}]}}