{"id":2591,"date":"2021-07-26T17:18:18","date_gmt":"2021-07-26T21:18:18","guid":{"rendered":"https:\/\/camic.ca\/about\/"},"modified":"2026-04-15T20:16:45","modified_gmt":"2026-04-16T00:16:45","slug":"a-propos-de-nous","status":"publish","type":"page","link":"https:\/\/camic.ca\/fr\/a-propos-de-nous\/","title":{"rendered":"\u00c0 PROPOS DE NOUS"},"content":{"rendered":"\n<p><\/p>\n\n<p><\/p>\n\n<p><\/p>\n","protected":false},"excerpt":{"rendered":"","protected":false},"author":17,"featured_media":0,"parent":0,"menu_order":0,"comment_status":"closed","ping_status":"closed","template":"","meta":{"_seopress_robots_primary_cat":"","_seopress_titles_title":"\u00c0 propos de l'ACCAM - Porte-parole national des assureurs mutuels","_seopress_titles_desc":"L'ACCAM est l'association nationale de l'industrie de l'assurance mutuelle au Canada, offrant une voix unifi\u00e9e pour le lobbying f\u00e9d\u00e9ral, le r\u00e9seautage et la d\u00e9fense des int\u00e9r\u00eats.","_seopress_robots_index":"","footnotes":""},"class_list":["post-2591","page","type-page","status-publish","hentry"],"_links":{"self":[{"href":"https:\/\/camic.ca\/fr\/wp-json\/wp\/v2\/pages\/2591","targetHints":{"allow":["GET"]}}],"collection":[{"href":"https:\/\/camic.ca\/fr\/wp-json\/wp\/v2\/pages"}],"about":[{"href":"https:\/\/camic.ca\/fr\/wp-json\/wp\/v2\/types\/page"}],"author":[{"embeddable":true,"href":"https:\/\/camic.ca\/fr\/wp-json\/wp\/v2\/users\/17"}],"replies":[{"embeddable":true,"href":"https:\/\/camic.ca\/fr\/wp-json\/wp\/v2\/comments?post=2591"}],"version-history":[{"count":0,"href":"https:\/\/camic.ca\/fr\/wp-json\/wp\/v2\/pages\/2591\/revisions"}],"wp:attachment":[{"href":"https:\/\/camic.ca\/fr\/wp-json\/wp\/v2\/media?parent=2591"}],"curies":[{"name":"wp","href":"https:\/\/api.w.org\/{rel}","templated":true}]}}