{"id":2622,"date":"2021-07-27T08:40:50","date_gmt":"2021-07-27T12:40:50","guid":{"rendered":"https:\/\/camic.ca\/la-difference-est-la-mutualite\/"},"modified":"2026-04-16T12:48:16","modified_gmt":"2026-04-16T16:48:16","slug":"la-difference-est-la-mutualite","status":"publish","type":"page","link":"https:\/\/camic.ca\/fr\/la-difference-est-la-mutualite\/","title":{"rendered":"La diff\u00e9rence est la mutualit\u00e9"},"content":{"rendered":"","protected":false},"excerpt":{"rendered":"","protected":false},"author":17,"featured_media":0,"parent":0,"menu_order":0,"comment_status":"closed","ping_status":"closed","template":"","meta":{"_seopress_robots_primary_cat":"","_seopress_titles_title":"La diff\u00e9rence est la mutualit\u00e9 | Le mod\u00e8le d'assurance mutuelle","_seopress_titles_desc":"D\u00e9couvrez les avantages du mod\u00e8le d'assurance mutuelle. Apprenez pourquoi les assureurs g\u00e9r\u00e9s par leurs membres privil\u00e9gient l'impact communautaire.","_seopress_robots_index":"","footnotes":""},"class_list":["post-2622","page","type-page","status-publish","hentry"],"_links":{"self":[{"href":"https:\/\/camic.ca\/fr\/wp-json\/wp\/v2\/pages\/2622","targetHints":{"allow":["GET"]}}],"collection":[{"href":"https:\/\/camic.ca\/fr\/wp-json\/wp\/v2\/pages"}],"about":[{"href":"https:\/\/camic.ca\/fr\/wp-json\/wp\/v2\/types\/page"}],"author":[{"embeddable":true,"href":"https:\/\/camic.ca\/fr\/wp-json\/wp\/v2\/users\/17"}],"replies":[{"embeddable":true,"href":"https:\/\/camic.ca\/fr\/wp-json\/wp\/v2\/comments?post=2622"}],"version-history":[{"count":0,"href":"https:\/\/camic.ca\/fr\/wp-json\/wp\/v2\/pages\/2622\/revisions"}],"wp:attachment":[{"href":"https:\/\/camic.ca\/fr\/wp-json\/wp\/v2\/media?parent=2622"}],"curies":[{"name":"wp","href":"https:\/\/api.w.org\/{rel}","templated":true}]}}