{"id":2653,"date":"2021-07-27T13:36:44","date_gmt":"2021-07-27T17:36:44","guid":{"rendered":"https:\/\/camic.ca\/contact\/"},"modified":"2026-04-16T12:40:55","modified_gmt":"2026-04-16T16:40:55","slug":"contact","status":"publish","type":"page","link":"https:\/\/camic.ca\/fr\/contact\/","title":{"rendered":"Contactez"},"content":{"rendered":"","protected":false},"excerpt":{"rendered":"","protected":false},"author":17,"featured_media":0,"parent":0,"menu_order":0,"comment_status":"closed","ping_status":"closed","template":"","meta":{"_seopress_robots_primary_cat":"","_seopress_titles_title":"Contactez l'ACCAM | Lobbying f\u00e9d\u00e9ral et soutien aux membres","_seopress_titles_desc":"Communiquez avec l'ACCAM pour toute question concernant le lobbying f\u00e9d\u00e9ral, l'adh\u00e9sion et les ressources de l'industrie de l'assurance mutuelle.","_seopress_robots_index":"","footnotes":""},"class_list":["post-2653","page","type-page","status-publish","hentry"],"_links":{"self":[{"href":"https:\/\/camic.ca\/fr\/wp-json\/wp\/v2\/pages\/2653","targetHints":{"allow":["GET"]}}],"collection":[{"href":"https:\/\/camic.ca\/fr\/wp-json\/wp\/v2\/pages"}],"about":[{"href":"https:\/\/camic.ca\/fr\/wp-json\/wp\/v2\/types\/page"}],"author":[{"embeddable":true,"href":"https:\/\/camic.ca\/fr\/wp-json\/wp\/v2\/users\/17"}],"replies":[{"embeddable":true,"href":"https:\/\/camic.ca\/fr\/wp-json\/wp\/v2\/comments?post=2653"}],"version-history":[{"count":0,"href":"https:\/\/camic.ca\/fr\/wp-json\/wp\/v2\/pages\/2653\/revisions"}],"wp:attachment":[{"href":"https:\/\/camic.ca\/fr\/wp-json\/wp\/v2\/media?parent=2653"}],"curies":[{"name":"wp","href":"https:\/\/api.w.org\/{rel}","templated":true}]}}