{"id":4491,"date":"2023-05-26T09:24:48","date_gmt":"2023-05-26T13:24:48","guid":{"rendered":"https:\/\/camic.ca\/calendrier-des-evenements\/"},"modified":"2026-04-16T13:17:18","modified_gmt":"2026-04-16T17:17:18","slug":"calendrier-des-evenements","status":"publish","type":"page","link":"https:\/\/camic.ca\/fr\/calendrier-des-evenements\/","title":{"rendered":"Calendrier des \u00c9v\u00e9nements"},"content":{"rendered":"","protected":false},"excerpt":{"rendered":"","protected":false},"author":3,"featured_media":0,"parent":0,"menu_order":0,"comment_status":"closed","ping_status":"closed","template":"","meta":{"_seopress_robots_primary_cat":"","_seopress_titles_title":"Calendrier des \u00e9v\u00e9nements | Plaidoyer f\u00e9d\u00e9ral | ACCAM","_seopress_titles_desc":"Calendrier de l'ACCAM : sessions de lobbying f\u00e9d\u00e9ral, webinaires et activit\u00e9s de r\u00e9seautage \u00e0 travers le Canada.","_seopress_robots_index":"","footnotes":""},"class_list":["post-4491","page","type-page","status-publish","hentry"],"_links":{"self":[{"href":"https:\/\/camic.ca\/fr\/wp-json\/wp\/v2\/pages\/4491","targetHints":{"allow":["GET"]}}],"collection":[{"href":"https:\/\/camic.ca\/fr\/wp-json\/wp\/v2\/pages"}],"about":[{"href":"https:\/\/camic.ca\/fr\/wp-json\/wp\/v2\/types\/page"}],"author":[{"embeddable":true,"href":"https:\/\/camic.ca\/fr\/wp-json\/wp\/v2\/users\/3"}],"replies":[{"embeddable":true,"href":"https:\/\/camic.ca\/fr\/wp-json\/wp\/v2\/comments?post=4491"}],"version-history":[{"count":0,"href":"https:\/\/camic.ca\/fr\/wp-json\/wp\/v2\/pages\/4491\/revisions"}],"wp:attachment":[{"href":"https:\/\/camic.ca\/fr\/wp-json\/wp\/v2\/media?parent=4491"}],"curies":[{"name":"wp","href":"https:\/\/api.w.org\/{rel}","templated":true}]}}