{"id":5257,"date":"2024-02-29T13:52:00","date_gmt":"2024-02-29T18:52:00","guid":{"rendered":"https:\/\/camic.ca\/?page_id=5257"},"modified":"2024-02-29T14:18:28","modified_gmt":"2024-02-29T19:18:28","slug":"bulletin-special-pour-la-journee-de-lobbying-la-rencontre-semi-annuelle-de-laccam-de-2024","status":"publish","type":"page","link":"https:\/\/camic.ca\/fr\/bulletin-special-pour-la-journee-de-lobbying-la-rencontre-semi-annuelle-de-laccam-de-2024\/","title":{"rendered":"Bulletin sp\u00e9cial pour la journ\u00e9e de lobbying \/ la rencontre semi-annuelle de l\u2019ACCAM de 2024"},"content":{"rendered":"\n<p><\/p>\n\n\n\n<figure class=\"wp-block-image size-large\"><img loading=\"lazy\" decoding=\"async\" width=\"1024\" height=\"663\" src=\"https:\/\/camic.ca\/wp-content\/uploads\/Lobby-Newsletter-FR2-1024x663.png\" alt=\"\" class=\"wp-image-5318\" srcset=\"https:\/\/camic.ca\/wp-content\/uploads\/Lobby-Newsletter-FR2-1024x663.png 1024w, https:\/\/camic.ca\/wp-content\/uploads\/Lobby-Newsletter-FR2-300x194.png 300w, https:\/\/camic.ca\/wp-content\/uploads\/Lobby-Newsletter-FR2-768x497.png 768w, https:\/\/camic.ca\/wp-content\/uploads\/Lobby-Newsletter-FR2-1536x994.png 1536w, https:\/\/camic.ca\/wp-content\/uploads\/Lobby-Newsletter-FR2-600x388.png 600w, https:\/\/camic.ca\/wp-content\/uploads\/Lobby-Newsletter-FR2.png 2000w\" sizes=\"auto, (max-width: 1024px) 100vw, 1024px\" \/><\/figure>\n\n\n\n<div class=\"wp-block-columns is-layout-flex wp-container-core-columns-is-layout-9d6595d7 wp-block-columns-is-layout-flex\">\n<div class=\"wp-block-column is-layout-flow wp-block-column-is-layout-flow\">\n<figure class=\"wp-block-image size-large\"><img loading=\"lazy\" decoding=\"async\" width=\"1024\" height=\"832\" src=\"https:\/\/camic.ca\/wp-content\/uploads\/EXTLOCK-002-2-1024x832.jpg\" alt=\"\" class=\"wp-image-5269\" srcset=\"https:\/\/camic.ca\/wp-content\/uploads\/EXTLOCK-002-2-1024x832.jpg 1024w, https:\/\/camic.ca\/wp-content\/uploads\/EXTLOCK-002-2-300x244.jpg 300w, https:\/\/camic.ca\/wp-content\/uploads\/EXTLOCK-002-2-768x624.jpg 768w, https:\/\/camic.ca\/wp-content\/uploads\/EXTLOCK-002-2-1536x1247.jpg 1536w, https:\/\/camic.ca\/wp-content\/uploads\/EXTLOCK-002-2-2048x1663.jpg 2048w, https:\/\/camic.ca\/wp-content\/uploads\/EXTLOCK-002-2-600x487.jpg 600w, https:\/\/camic.ca\/wp-content\/uploads\/EXTLOCK-002-2-scaled.jpg 2560w\" sizes=\"auto, (max-width: 1024px) 100vw, 1024px\" \/><\/figure>\n<\/div>\n\n\n\n<div class=\"wp-block-column is-layout-flow wp-block-column-is-layout-flow\">\n<p><strong>Informations sur l\u2019h\u00f4tel&nbsp;:<\/strong><\/p>\n\n\n\n<p><strong>Nom&nbsp;:<\/strong>&nbsp; Ch\u00e2teau Laurier<\/p>\n\n\n\n<p><strong>Adresse&nbsp;:<\/strong>&nbsp;&nbsp;&nbsp;&nbsp;&nbsp;&nbsp;&nbsp;&nbsp;&nbsp;&nbsp; 1, rue Rideau, Ottawa (Ontario) K1N 8S7<\/p>\n\n\n\n<p><strong>Co\u00fbt&nbsp;:<\/strong>&nbsp;&nbsp; 279&nbsp;$ par nuit pour la chambre Fairmont<\/p>\n\n\n\n<p><\/p>\n<\/div>\n\n\n\n<div class=\"wp-block-column is-layout-flow wp-block-column-is-layout-flow\">\n<p><strong>Date limite&nbsp;:<\/strong>&nbsp;&nbsp;&nbsp; <strong>le 3&nbsp;avril 2024<\/strong><\/p>\n\n\n\n<p><strong>Lien d\u2019inscription&nbsp;:<\/strong>&nbsp;&nbsp;&nbsp;&nbsp;&nbsp;&nbsp; <a href=\"https:\/\/book.passkey.com\/e\/50723567\">https:\/\/book.passkey.com\/e\/50723567<\/a>&nbsp;&nbsp;<\/p>\n\n\n\n<p><strong>Service de voiturier&nbsp;<\/strong>:&nbsp; Disponible moyennant un prix suppl\u00e9mentaire<\/p>\n<\/div>\n<\/div>\n\n\n\n<div class=\"wp-block-columns is-layout-flex wp-container-core-columns-is-layout-9d6595d7 wp-block-columns-is-layout-flex\">\n<div class=\"wp-block-column is-layout-flow wp-block-column-is-layout-flow\"><\/div>\n\n\n\n<div class=\"wp-block-column is-layout-flow wp-block-column-is-layout-flow\">\n<p><strong>R\u00e9ception d\u2019ouverture&nbsp;:<\/strong><\/p>\n\n\n\n<p><strong>Date&nbsp;:<\/strong>&nbsp;&nbsp; lundi&nbsp;6&nbsp;mai 2024<\/p>\n\n\n\n<p><strong>Inscription&nbsp;:<\/strong>&nbsp;&nbsp;&nbsp;&nbsp; 17h-17h30<\/p>\n\n\n\n<p><strong>Heure&nbsp;:<\/strong>&nbsp;&nbsp;&nbsp;&nbsp;&nbsp;&nbsp;&nbsp;&nbsp;&nbsp;&nbsp;&nbsp;&nbsp;&nbsp; 17&nbsp;h&nbsp;30 -18&nbsp;h&nbsp;30<\/p>\n\n\n\n<p><strong>Salle&nbsp;:<\/strong>&nbsp;&nbsp; Laurier<\/p>\n\n\n\n<p><\/p>\n<\/div>\n\n\n\n<div class=\"wp-block-column is-layout-flow wp-block-column-is-layout-flow\">\n<figure class=\"wp-block-image size-full\"><img loading=\"lazy\" decoding=\"async\" width=\"360\" height=\"270\" src=\"https:\/\/camic.ca\/wp-content\/uploads\/8b480047-4a63-43d8-9498-74aa1cb0e0f8-3.jpg\" alt=\"\" class=\"wp-image-5273\" srcset=\"https:\/\/camic.ca\/wp-content\/uploads\/8b480047-4a63-43d8-9498-74aa1cb0e0f8-3.jpg 360w, https:\/\/camic.ca\/wp-content\/uploads\/8b480047-4a63-43d8-9498-74aa1cb0e0f8-3-300x225.jpg 300w\" sizes=\"auto, (max-width: 360px) 100vw, 360px\" \/><\/figure>\n<\/div>\n<\/div>\n\n\n\n<div class=\"wp-block-columns is-layout-flex wp-container-core-columns-is-layout-9d6595d7 wp-block-columns-is-layout-flex\">\n<div class=\"wp-block-column is-layout-flow wp-block-column-is-layout-flow\">\n<figure class=\"wp-block-image size-full\"><img loading=\"lazy\" decoding=\"async\" width=\"360\" height=\"270\" src=\"https:\/\/camic.ca\/wp-content\/uploads\/CLH_478165_Adam-Room-4.jpg\" alt=\"\" class=\"wp-image-5275\" srcset=\"https:\/\/camic.ca\/wp-content\/uploads\/CLH_478165_Adam-Room-4.jpg 360w, https:\/\/camic.ca\/wp-content\/uploads\/CLH_478165_Adam-Room-4-300x225.jpg 300w\" sizes=\"auto, (max-width: 360px) 100vw, 360px\" \/><\/figure>\n<\/div>\n\n\n\n<div class=\"wp-block-column is-layout-flow wp-block-column-is-layout-flow\">\n<p><strong>Journ\u00e9e de lobbying\/rencontre semi-annuelle&nbsp;:<\/strong><\/p>\n\n\n\n<p><strong>Date&nbsp;:<\/strong>&nbsp;&nbsp; mardi&nbsp;7&nbsp;mai 2024<\/p>\n\n\n\n<p><strong>Inscription&nbsp;<\/strong>:&nbsp;&nbsp;&nbsp;&nbsp; 7&nbsp;h&nbsp;30 - 7&nbsp;h&nbsp;45<\/p>\n\n\n\n<p><strong>Heure&nbsp;:<\/strong>&nbsp;&nbsp;&nbsp;&nbsp;&nbsp;&nbsp;&nbsp;&nbsp;&nbsp;&nbsp;&nbsp;&nbsp;&nbsp; 8h-15h<\/p>\n\n\n\n<p><strong>Salle&nbsp;:<\/strong>&nbsp;&nbsp; Adam<\/p>\n\n\n\n<p><\/p>\n<\/div>\n\n\n\n<div class=\"wp-block-column is-layout-flow wp-block-column-is-layout-flow\"><\/div>\n<\/div>\n\n\n\n<div class=\"wp-block-columns is-layout-flex wp-container-core-columns-is-layout-9d6595d7 wp-block-columns-is-layout-flex\">\n<div class=\"wp-block-column is-layout-flow wp-block-column-is-layout-flow\">\n<figure class=\"wp-block-image size-large\"><img loading=\"lazy\" decoding=\"async\" width=\"1024\" height=\"684\" src=\"https:\/\/camic.ca\/wp-content\/uploads\/pexels-cottonbro-studio-4065876-2-1024x684.jpg\" alt=\"\" class=\"wp-image-5277\" srcset=\"https:\/\/camic.ca\/wp-content\/uploads\/pexels-cottonbro-studio-4065876-2-1024x684.jpg 1024w, https:\/\/camic.ca\/wp-content\/uploads\/pexels-cottonbro-studio-4065876-2-300x200.jpg 300w, https:\/\/camic.ca\/wp-content\/uploads\/pexels-cottonbro-studio-4065876-2-768x513.jpg 768w, https:\/\/camic.ca\/wp-content\/uploads\/pexels-cottonbro-studio-4065876-2-1536x1026.jpg 1536w, https:\/\/camic.ca\/wp-content\/uploads\/pexels-cottonbro-studio-4065876-2-2048x1368.jpg 2048w, https:\/\/camic.ca\/wp-content\/uploads\/pexels-cottonbro-studio-4065876-2-600x401.jpg 600w, https:\/\/camic.ca\/wp-content\/uploads\/pexels-cottonbro-studio-4065876-2-scaled.jpg 2560w\" sizes=\"auto, (max-width: 1024px) 100vw, 1024px\" \/><\/figure>\n<\/div>\n\n\n\n<div class=\"wp-block-column is-layout-flow wp-block-column-is-layout-flow\">\n<p class=\"has-text-align-center\"><strong>Inscription&nbsp;:<\/strong><\/p>\n\n\n\n<p class=\"has-text-align-left\">Pour vous inscrire \u00e0 la journ\u00e9e de lobbying\/la rencontre semi-annuelle de l\u2019ACCAM de 2024, veuillez cliquer <strong><a href=\"https:\/\/camic.ca\/fr\/events\/2024-camic-lobby-day-midterm-meeting\/\" data-type=\"link\" data-id=\"https:\/\/camic.ca\/fr\/events\/2024-camic-lobby-day-midterm-meeting\/\">ici<\/a>.<\/strong><\/p>\n\n\n\n<p class=\"has-text-align-left\">Si vous avez des questions au sujet de l\u2019inscription, contactez <a href=\"mailto:kwright@camic.ca\">kwright@camic.ca<\/a><\/p>\n\n\n\n<p class=\"has-text-align-left\">Adressez-vous \u00e0 <a href=\"mailto:skamble@camic.ca\">skamble@camic.ca<\/a> pour toute autre question. <\/p>\n\n\n\n<p class=\"has-text-align-center\">Merci\u2009!<\/p>\n\n\n\n<p><\/p>\n<\/div>\n<\/div>\n\n\n\n<div class=\"wp-block-columns is-layout-flex wp-container-core-columns-is-layout-9d6595d7 wp-block-columns-is-layout-flex\">\n<div class=\"wp-block-column is-layout-flow wp-block-column-is-layout-flow\">\n<p class=\"has-text-align-center\"><strong>Possibilit\u00e9s de commanditer pour les membres affili\u00e9s&nbsp;:<\/strong><\/p>\n\n\n\n<p class=\"has-text-align-left\">Votre soutien est important \u00e0 l\u2019ACCAM et c\u2019est gr\u00e2ce \u00e0 votre soutien que l\u2019ACCAM est en mesure d\u2019offrir des \u00e9v\u00e9nements de qualit\u00e9 aux membres de l\u2019ACCAM. Veuillez cliquer\u00a0<a href=\"https:\/\/camic.ca\/wp-content\/uploads\/AFFILIATE-MEMBERS-CAMIC-Sponsorship-Prospectus-2024-Lobby-Day-_-Mid-term-Meeting-1.pdf\" data-type=\"attachment\" data-id=\"5183\"><strong>ici<\/strong>\u00a0<\/a>pour obtenir la trousse de commandite de la journ\u00e9e de lobbying\/la rencontre semi-annuelle de l\u2019ACCAM de 2024. Veuillez contacter\u00a0<a href=\"mailto:skamble@camic.ca\">skamble@camic.ca<\/a>\u00a0pour toute question. <\/p>\n\n\n\n<p class=\"has-text-align-center\"><strong>Merci pour votre soutien\u2009!<\/strong><\/p>\n\n\n\n<p><\/p>\n<\/div>\n<\/div>\n\n\n\n<p><\/p>\n","protected":false},"excerpt":{"rendered":"<p>Informations sur l\u2019h\u00f4tel&nbsp;: Nom&nbsp;:&nbsp; Ch\u00e2teau Laurier Adresse&nbsp;:&nbsp;&nbsp;&nbsp;&nbsp;&nbsp;&nbsp;&nbsp;&nbsp;&nbsp;&nbsp; 1, rue Rideau, Ottawa (Ontario) K1N 8S7 Co\u00fbt&nbsp;:&nbsp;&nbsp; 279&nbsp;$ par nuit pour la chambre Fairmont Date limite&nbsp;:&nbsp;&nbsp;&nbsp; le 3&nbsp;avril 2024 Lien d\u2019inscription&nbsp;:&nbsp;&nbsp;&nbsp;&nbsp;&nbsp;&nbsp; https:\/\/book.passkey.com\/e\/50723567&nbsp;&nbsp; Service de voiturier&nbsp;:&nbsp; Disponible moyennant un prix suppl\u00e9mentaire R\u00e9ception d\u2019ouverture&nbsp;: Date&nbsp;:&nbsp;&nbsp; lundi&nbsp;6&nbsp;mai 2024 Inscription&nbsp;:&nbsp;&nbsp;&nbsp;&nbsp; 17h-17h30 Heure&nbsp;:&nbsp;&nbsp;&nbsp;&nbsp;&nbsp;&nbsp;&nbsp;&nbsp;&nbsp;&nbsp;&nbsp;&nbsp;&nbsp; 17&nbsp;h&nbsp;30 -18&nbsp;h&nbsp;30 Salle&nbsp;:&nbsp;&nbsp; Laurier Journ\u00e9e de lobbying\/rencontre semi-annuelle&nbsp;: Date&nbsp;:&nbsp;&nbsp; [&hellip;]<\/p>\n","protected":false},"author":17,"featured_media":0,"parent":0,"menu_order":0,"comment_status":"closed","ping_status":"closed","template":"","meta":{"_seopress_robots_primary_cat":"","_seopress_titles_title":"","_seopress_titles_desc":"","_seopress_robots_index":"","footnotes":""},"class_list":["post-5257","page","type-page","status-publish","hentry"],"_links":{"self":[{"href":"https:\/\/camic.ca\/fr\/wp-json\/wp\/v2\/pages\/5257","targetHints":{"allow":["GET"]}}],"collection":[{"href":"https:\/\/camic.ca\/fr\/wp-json\/wp\/v2\/pages"}],"about":[{"href":"https:\/\/camic.ca\/fr\/wp-json\/wp\/v2\/types\/page"}],"author":[{"embeddable":true,"href":"https:\/\/camic.ca\/fr\/wp-json\/wp\/v2\/users\/17"}],"replies":[{"embeddable":true,"href":"https:\/\/camic.ca\/fr\/wp-json\/wp\/v2\/comments?post=5257"}],"version-history":[{"count":0,"href":"https:\/\/camic.ca\/fr\/wp-json\/wp\/v2\/pages\/5257\/revisions"}],"wp:attachment":[{"href":"https:\/\/camic.ca\/fr\/wp-json\/wp\/v2\/media?parent=5257"}],"curies":[{"name":"wp","href":"https:\/\/api.w.org\/{rel}","templated":true}]}}