{"id":5280,"date":"2024-02-29T13:50:53","date_gmt":"2024-02-29T18:50:53","guid":{"rendered":"https:\/\/camic.ca\/?page_id=5280"},"modified":"2024-04-25T09:12:31","modified_gmt":"2024-04-25T13:12:31","slug":"programme-ebauche","status":"publish","type":"page","link":"https:\/\/camic.ca\/fr\/programme-ebauche\/","title":{"rendered":"Programme"},"content":{"rendered":"\n<figure class=\"wp-block-image size-large\"><img loading=\"lazy\" decoding=\"async\" width=\"1024\" height=\"663\" src=\"https:\/\/camic.ca\/wp-content\/uploads\/FR-PRogram-Draft5-1024x663.png\" alt=\"\" class=\"wp-image-5633\" srcset=\"https:\/\/camic.ca\/wp-content\/uploads\/FR-PRogram-Draft5-1024x663.png 1024w, https:\/\/camic.ca\/wp-content\/uploads\/FR-PRogram-Draft5-300x194.png 300w, https:\/\/camic.ca\/wp-content\/uploads\/FR-PRogram-Draft5-768x497.png 768w, https:\/\/camic.ca\/wp-content\/uploads\/FR-PRogram-Draft5-1536x994.png 1536w, https:\/\/camic.ca\/wp-content\/uploads\/FR-PRogram-Draft5-600x388.png 600w, https:\/\/camic.ca\/wp-content\/uploads\/FR-PRogram-Draft5.png 2000w\" sizes=\"auto, (max-width: 1024px) 100vw, 1024px\" \/><\/figure>\n\n\n\n<div class=\"wp-block-columns is-layout-flex wp-container-core-columns-is-layout-9d6595d7 wp-block-columns-is-layout-flex\">\n<div class=\"wp-block-column is-layout-flow wp-block-column-is-layout-flow\" style=\"flex-basis:100%\">\n<div class=\"wp-block-columns is-layout-flex wp-container-core-columns-is-layout-9d6595d7 wp-block-columns-is-layout-flex\">\n<div class=\"wp-block-column is-layout-flow wp-block-column-is-layout-flow\" style=\"flex-basis:100%\">\n<figure class=\"wp-block-table is-style-regular\"><table><tbody><tr><td><strong>Quand<\/strong><\/td><td class=\"has-text-align-left\" data-align=\"left\"><strong>Qui et O\u00f9<\/strong><\/td><\/tr><tr><td><mark style=\"background-color:rgba(0, 0, 0, 0)\" class=\"has-inline-color has-vivid-red-color\"><strong>Lundi&nbsp;6&nbsp;mai&nbsp;: <\/strong>   <\/mark>                                                                                                             <\/td><td class=\"has-text-align-left\" data-align=\"left\"><strong><mark style=\"background-color:rgba(0, 0, 0, 0)\" class=\"has-inline-color has-vivid-red-color\">Salle Laurier<\/mark><\/strong><\/td><\/tr><tr><td>17h-17h30<\/td><td class=\"has-text-align-left\" data-align=\"left\"><strong>Inscription<\/strong><\/td><\/tr><tr><td>17&nbsp;h&nbsp;30 \u2013 18&nbsp;h&nbsp;30<\/td><td class=\"has-text-align-left\" data-align=\"left\"><strong>R\u00e9ception d\u2019ouverture <\/strong><br><br>Rejoignez-nous pour une r\u00e9ception <br>d\u2019ouverture afin de revoir <br>vos coll\u00e8gues et vos ami.e.s\u2009!                                        <\/td><\/tr><tr><td>\u00c0 partir de 18&nbsp;h&nbsp;30                        <\/td><td class=\"has-text-align-left\" data-align=\"left\"><strong>D\u00eener libre<\/strong><br><br><strong>Veuillez cliquer ici pour consulter <\/strong><strong>la <a href=\"https:\/\/camic.ca\/wp-content\/uploads\/Restaurant-list-2024.pdf\" data-type=\"attachment\" data-id=\"5196\">liste<\/a> de restaurants \u00e0 proximit\u00e9.<\/strong><\/td><\/tr><tr><td><strong><mark style=\"background-color:rgba(0, 0, 0, 0)\" class=\"has-inline-color has-vivid-red-color\">Mardi&nbsp;7&nbsp;mai&nbsp;<\/mark>: <\/strong><\/td><td class=\"has-text-align-left\" data-align=\"left\"><strong><mark style=\"background-color:rgba(0, 0, 0, 0)\" class=\"has-inline-color has-vivid-red-color\">Salle Adam<\/mark><\/strong><\/td><\/tr><tr><td>7&nbsp;h&nbsp;30 \u2013 7&nbsp;h&nbsp;45<\/td><td class=\"has-text-align-left\" data-align=\"left\"><strong>Registration<\/strong><\/td><\/tr><tr><td>7h55<\/td><td class=\"has-text-align-left\" data-align=\"left\"><strong><mark style=\"background-color:rgba(0, 0, 0, 0)\" class=\"has-inline-color has-vivid-red-color\">Veuillez prendre place.<\/mark><\/strong><\/td><\/tr><tr><td>8&nbsp;h \u2013 9&nbsp;h<\/td><td class=\"has-text-align-left\" data-align=\"left\"><strong>Petit-d\u00e9jeuner avec les Parlementaires<\/strong><br><br>Les membres de l\u2019ACCAM et les membres <br>affili\u00e9s seront assign\u00e9.e.s \u00e0 une table avec <br>un.e parlementaire, si possible. <br>Chaque table aura un.e mod\u00e9rat\/rice.                                                                                                                                                                                                                                                                                                                                                                                                                                                                                                          <\/td><\/tr><tr><td>9&nbsp;h \u2013 9&nbsp;h&nbsp;05                                           <\/td><td class=\"has-text-align-left\" data-align=\"left\"><strong>Remerciements aux parlementaires de leur pr\u00e9sence.<\/strong><\/td><\/tr><tr><td>9h05 - 9h45<\/td><td class=\"has-text-align-left\" data-align=\"left\"><strong>Questions et r\u00e9ponses, <a href=\"https:\/\/camic.ca\/fr\/adam-chambers\/\" data-type=\"page\" data-id=\"5722\">Adam Chambers<\/a>, D\u00e9put\u00e9, <\/strong><br><strong>Co-pr\u00e9sident du Caucus multipartie sur les assurances<\/strong><\/td><\/tr><tr><td>9h45 - 10h<\/td><td class=\"has-text-align-left\" data-align=\"left\"><strong>Remerciements au d\u00e9put\u00e9 Chambers.<\/strong><br><strong>PAUSE<\/strong><\/td><\/tr><tr><td>10h-11h<\/td><td class=\"has-text-align-left\" data-align=\"left\"><strong><strong><mark style=\"background-color:rgba(0, 0, 0, 0)\" class=\"has-inline-color has-black-color\">Conversation avec <a href=\"https:\/\/camic.ca\/fr\/hon-rodger-cruzner\/\" data-type=\"page\" data-id=\"5756\">l\u2019honorable Rodger Cuzner<\/a>, d\u00e9put\u00e9, s\u00e9nateur<\/mark><\/strong><\/strong><\/td><\/tr><tr><td>11&nbsp;h \u2013 12&nbsp;h <\/td><td class=\"has-text-align-left\" data-align=\"left\"><strong><a href=\"https:\/\/camic.ca\/fr\/nick-taylor-vaisey\/\" data-type=\"page\" data-id=\"5714\">Nick Taylor-Vaisey<\/a>, Journaliste, POLITICO<\/strong><\/td><\/tr><tr><td>12&nbsp;h \u2013 13&nbsp;h<\/td><td class=\"has-text-align-left\" data-align=\"left\"><strong><mark style=\"background-color:rgba(0, 0, 0, 0)\" class=\"has-inline-color has-vivid-red-color\">D\u00c9JEUNER<\/mark><\/strong><\/td><\/tr><tr><td>13&nbsp;h\u2013 13&nbsp;h&nbsp;30<\/td><td class=\"has-text-align-left\" data-align=\"left\"><strong>Mise \u00e0 jour de la strat\u00e9gie de relations gouvernementales de l\u2019ACCAM<\/strong> <strong>par l\u2019<a href=\"https:\/\/camic.ca\/fr\/joe-jordan\/\" data-type=\"page\" data-id=\"5765\">Honorable Joe Jordan<\/a><\/strong><\/td><\/tr><tr><td>13&nbsp;h&nbsp;30\u2013 14&nbsp;h&nbsp;30<\/td><td class=\"has-text-align-left\" data-align=\"left\"><strong>Titre de la pr\u00e9sentation: <\/strong>Mise \u00e0 jour de l'\u00e9conomie canadienne<br><strong>Description de la pr\u00e9sentation :<\/strong> Conversation avec James Orlando, directeur et \u00e9conomiste principal du Groupe Banque TD, sur une mise \u00e0 jour de l'\u00e9conomie canadienne et les implications pour l'industrie de l'assurance.<br><strong><br>Animatrice&nbsp;: <\/strong><a href=\"https:\/\/camic.ca\/fr\/td-conferenciers-2024\/\" data-type=\"page\" data-id=\"5708\">Wendi Zou<\/a>, Vice-pr\u00e9sidenteSolutions de placement mondiales TD<br>Gestion de Placements TD Inc.<br><br><strong>Conf\u00e9rencier&nbsp;: <\/strong><a href=\"https:\/\/camic.ca\/fr\/td-conferenciers-2024\/\" data-type=\"page\" data-id=\"5708\">James Orlando<\/a>, Directeur, Services \u00e9conomiquesGroupe BanqueTD<\/td><\/tr><tr><td>14&nbsp;h&nbsp;30\u2013 15&nbsp;h<\/td><td class=\"has-text-align-left\" data-align=\"left\"><strong>Mise \u00e0 jour de l\u2019ACCAM<\/strong><br><br>Le comit\u00e9 des relations gouvernementales<br>L\u2019ACCAM&nbsp;: Wayne Wyborn, Pr\u00e9sident\/Sangita Kambl\u00e9, PDG                     <\/td><\/tr><\/tbody><\/table><\/figure>\n<\/div>\n<\/div>\n<\/div>\n<\/div>\n\n\n\n<h2 class=\"wp-block-heading\">Merci \u00e0 nos commanditaires!<\/h2>\n\n\n\n<p>Nous \u00e9tendons nos chaleureux remerciements \u00e0 nos commanditaires.<\/p>\n\n\n\n<p><\/p>\n\n\n\n<h2 class=\"wp-block-heading\"><mark style=\"background-color:rgba(0, 0, 0, 0)\" class=\"has-inline-color has-vivid-red-color\">Commandites de 2500$:<\/mark><\/h2>\n\n\n\n<p><\/p>\n\n\n\n<div class=\"wp-block-columns is-layout-flex wp-container-core-columns-is-layout-9d6595d7 wp-block-columns-is-layout-flex\">\n<div class=\"wp-block-column is-layout-flow wp-block-column-is-layout-flow\">\n<figure class=\"wp-block-image size-full\"><img loading=\"lazy\" decoding=\"async\" width=\"1730\" height=\"1790\" src=\"https:\/\/camic.ca\/wp-content\/uploads\/COG-png_Logo_CognitionC_Stacked_Large-1.png\" alt=\"\" class=\"wp-image-5635\" srcset=\"https:\/\/camic.ca\/wp-content\/uploads\/COG-png_Logo_CognitionC_Stacked_Large-1.png 1730w, https:\/\/camic.ca\/wp-content\/uploads\/COG-png_Logo_CognitionC_Stacked_Large-1-290x300.png 290w, https:\/\/camic.ca\/wp-content\/uploads\/COG-png_Logo_CognitionC_Stacked_Large-1-990x1024.png 990w, https:\/\/camic.ca\/wp-content\/uploads\/COG-png_Logo_CognitionC_Stacked_Large-1-768x795.png 768w, https:\/\/camic.ca\/wp-content\/uploads\/COG-png_Logo_CognitionC_Stacked_Large-1-1485x1536.png 1485w, https:\/\/camic.ca\/wp-content\/uploads\/COG-png_Logo_CognitionC_Stacked_Large-1-600x621.png 600w\" sizes=\"auto, (max-width: 1730px) 100vw, 1730px\" \/><\/figure>\n<\/div>\n\n\n\n<div class=\"wp-block-column is-vertically-aligned-center is-layout-flow wp-block-column-is-layout-flow\">\n<p>Cognition+ commanditaire de la session questions et r\u00e9ponses, D\u00e9put\u00e9 Chambers.<\/p>\n<\/div>\n<\/div>\n\n\n\n<div class=\"wp-block-columns is-layout-flex wp-container-core-columns-is-layout-9d6595d7 wp-block-columns-is-layout-flex\">\n<div class=\"wp-block-column is-layout-flow wp-block-column-is-layout-flow\">\n<figure class=\"wp-block-image size-large\"><img loading=\"lazy\" decoding=\"async\" width=\"1024\" height=\"572\" src=\"https:\/\/camic.ca\/wp-content\/uploads\/JSCP-Logo-1024x572.jpg\" alt=\"\" class=\"wp-image-5642\" srcset=\"https:\/\/camic.ca\/wp-content\/uploads\/JSCP-Logo-1024x572.jpg 1024w, https:\/\/camic.ca\/wp-content\/uploads\/JSCP-Logo-300x168.jpg 300w, https:\/\/camic.ca\/wp-content\/uploads\/JSCP-Logo-768x429.jpg 768w, https:\/\/camic.ca\/wp-content\/uploads\/JSCP-Logo-1536x858.jpg 1536w, https:\/\/camic.ca\/wp-content\/uploads\/JSCP-Logo-2048x1144.jpg 2048w, https:\/\/camic.ca\/wp-content\/uploads\/JSCP-Logo-600x335.jpg 600w, https:\/\/camic.ca\/wp-content\/uploads\/JSCP-Logo-scaled.jpg 2560w\" sizes=\"auto, (max-width: 1024px) 100vw, 1024px\" \/><\/figure>\n<\/div>\n\n\n\n<div class=\"wp-block-column is-vertically-aligned-center is-layout-flow wp-block-column-is-layout-flow\">\n<p>JSCP commanditaire vers le d\u00e9jeuner.<\/p>\n<\/div>\n<\/div>\n\n\n\n<div class=\"wp-block-columns is-layout-flex wp-container-core-columns-is-layout-9d6595d7 wp-block-columns-is-layout-flex\">\n<div class=\"wp-block-column is-layout-flow wp-block-column-is-layout-flow\">\n<figure class=\"wp-block-image size-full\"><img loading=\"lazy\" decoding=\"async\" width=\"328\" height=\"328\" src=\"https:\/\/camic.ca\/wp-content\/uploads\/Omnia-Adjusters-Cooperative-Square-3.jpg\" alt=\"\" class=\"wp-image-5497\" srcset=\"https:\/\/camic.ca\/wp-content\/uploads\/Omnia-Adjusters-Cooperative-Square-3.jpg 328w, https:\/\/camic.ca\/wp-content\/uploads\/Omnia-Adjusters-Cooperative-Square-3-300x300.jpg 300w, https:\/\/camic.ca\/wp-content\/uploads\/Omnia-Adjusters-Cooperative-Square-3-150x150.jpg 150w, https:\/\/camic.ca\/wp-content\/uploads\/Omnia-Adjusters-Cooperative-Square-3-100x100.jpg 100w\" sizes=\"auto, (max-width: 328px) 100vw, 328px\" \/><\/figure>\n<\/div>\n\n\n\n<div class=\"wp-block-column is-vertically-aligned-center is-layout-flow wp-block-column-is-layout-flow\">\n<p><\/p>\n\n\n\n<p class=\"has-text-align-left\">OMNIA commanditaire du conferencier, Nick Taylor-Vaisey, POLITICO.<\/p>\n<\/div>\n<\/div>\n\n\n\n<p><\/p>\n\n\n\n<h2 class=\"wp-block-heading\"><mark style=\"background-color:rgba(0, 0, 0, 0)\" class=\"has-inline-color has-vivid-red-color\">Commandites de 1250$:<\/mark><\/h2>\n\n\n\n<div class=\"wp-block-columns is-layout-flex wp-container-core-columns-is-layout-9d6595d7 wp-block-columns-is-layout-flex\">\n<div class=\"wp-block-column is-layout-flow wp-block-column-is-layout-flow\">\n<figure class=\"wp-block-image size-full\"><img loading=\"lazy\" decoding=\"async\" width=\"331\" height=\"60\" src=\"https:\/\/camic.ca\/wp-content\/uploads\/Complade-logo-2.png\" alt=\"\" class=\"wp-image-5638\" srcset=\"https:\/\/camic.ca\/wp-content\/uploads\/Complade-logo-2.png 331w, https:\/\/camic.ca\/wp-content\/uploads\/Complade-logo-2-300x54.png 300w\" sizes=\"auto, (max-width: 331px) 100vw, 331px\" \/><\/figure>\n<\/div>\n\n\n\n<div class=\"wp-block-column is-vertically-aligned-center is-layout-flow wp-block-column-is-layout-flow\">\n<p><\/p>\n\n\n\n<p class=\"has-text-align-left\">Complade commanditaire des co\u00fbts partiels de l'\u00e9v\u00e8nement.<\/p>\n<\/div>\n<\/div>\n\n\n\n<div class=\"wp-block-columns is-layout-flex wp-container-core-columns-is-layout-9d6595d7 wp-block-columns-is-layout-flex\">\n<div class=\"wp-block-column is-layout-flow wp-block-column-is-layout-flow\">\n<figure class=\"wp-block-image size-full\"><img loading=\"lazy\" decoding=\"async\" width=\"2560\" height=\"1327\" src=\"https:\/\/camic.ca\/wp-content\/uploads\/logo_white_background-2-scaled.jpg\" alt=\"\" class=\"wp-image-5640\" srcset=\"https:\/\/camic.ca\/wp-content\/uploads\/logo_white_background-2-scaled.jpg 2560w, https:\/\/camic.ca\/wp-content\/uploads\/logo_white_background-2-300x156.jpg 300w, https:\/\/camic.ca\/wp-content\/uploads\/logo_white_background-2-1024x531.jpg 1024w, https:\/\/camic.ca\/wp-content\/uploads\/logo_white_background-2-768x398.jpg 768w, https:\/\/camic.ca\/wp-content\/uploads\/logo_white_background-2-1536x796.jpg 1536w, https:\/\/camic.ca\/wp-content\/uploads\/logo_white_background-2-2048x1062.jpg 2048w, https:\/\/camic.ca\/wp-content\/uploads\/logo_white_background-2-600x311.jpg 600w\" sizes=\"auto, (max-width: 2560px) 100vw, 2560px\" \/><\/figure>\n<\/div>\n\n\n\n<div class=\"wp-block-column is-vertically-aligned-center is-layout-flow wp-block-column-is-layout-flow\">\n<p><\/p>\n\n\n\n<p class=\"has-text-align-left\">Maple GRC commanditaire des co\u00fbts partiels de l'\u00e9v\u00e8nement.<\/p>\n<\/div>\n<\/div>\n\n\n\n<h2 class=\"wp-block-heading\"><mark style=\"background-color:rgba(0, 0, 0, 0)\" class=\"has-inline-color has-vivid-red-color\">Commandites de 500$:<\/mark><\/h2>\n\n\n\n<p><\/p>\n\n\n\n<div class=\"wp-block-columns is-layout-flex wp-container-core-columns-is-layout-9d6595d7 wp-block-columns-is-layout-flex\">\n<div class=\"wp-block-column is-layout-flow wp-block-column-is-layout-flow\">\n<div class=\"wp-block-columns is-layout-flex wp-container-core-columns-is-layout-9d6595d7 wp-block-columns-is-layout-flex\">\n<div class=\"wp-block-column is-layout-flow wp-block-column-is-layout-flow\">\n<figure class=\"wp-block-image size-large\"><img loading=\"lazy\" decoding=\"async\" width=\"1024\" height=\"170\" src=\"https:\/\/camic.ca\/wp-content\/uploads\/bonny-3-logo-adjusted-003-5-1024x170.png\" alt=\"\" class=\"wp-image-5536\" srcset=\"https:\/\/camic.ca\/wp-content\/uploads\/bonny-3-logo-adjusted-003-5-1024x170.png 1024w, https:\/\/camic.ca\/wp-content\/uploads\/bonny-3-logo-adjusted-003-5-300x50.png 300w, https:\/\/camic.ca\/wp-content\/uploads\/bonny-3-logo-adjusted-003-5-768x127.png 768w, https:\/\/camic.ca\/wp-content\/uploads\/bonny-3-logo-adjusted-003-5-600x99.png 600w, https:\/\/camic.ca\/wp-content\/uploads\/bonny-3-logo-adjusted-003-5.png 1460w\" sizes=\"auto, (max-width: 1024px) 100vw, 1024px\" \/><\/figure>\n<\/div>\n\n\n\n<div class=\"wp-block-column is-layout-flow wp-block-column-is-layout-flow\">\n<p>Bonnycastle commanditaire vers la pause caf\u00e9.<\/p>\n<\/div>\n<\/div>\n<\/div>\n<\/div>\n\n\n\n<div class=\"wp-block-columns is-layout-flex wp-container-core-columns-is-layout-9d6595d7 wp-block-columns-is-layout-flex\">\n<div class=\"wp-block-column is-layout-flow wp-block-column-is-layout-flow\">\n<figure class=\"wp-block-image size-large\"><img loading=\"lazy\" decoding=\"async\" width=\"1024\" height=\"399\" src=\"https:\/\/camic.ca\/wp-content\/uploads\/Collectivfide-Logo-2-1024x399.png\" alt=\"\" class=\"wp-image-5542\" srcset=\"https:\/\/camic.ca\/wp-content\/uploads\/Collectivfide-Logo-2-1024x399.png 1024w, https:\/\/camic.ca\/wp-content\/uploads\/Collectivfide-Logo-2-300x117.png 300w, https:\/\/camic.ca\/wp-content\/uploads\/Collectivfide-Logo-2-768x299.png 768w, https:\/\/camic.ca\/wp-content\/uploads\/Collectivfide-Logo-2-1536x598.png 1536w\" sizes=\"auto, (max-width: 1024px) 100vw, 1024px\" \/><\/figure>\n<\/div>\n\n\n\n<div class=\"wp-block-column is-vertically-aligned-center is-layout-flow wp-block-column-is-layout-flow\">\n<p>Collectivfide commanditaire vers le petit-d\u00e9jeuner avec les Parlementaires.<\/p>\n<\/div>\n<\/div>\n\n\n\n<div class=\"wp-block-media-text is-stacked-on-mobile\"><figure class=\"wp-block-media-text__media\"><img loading=\"lazy\" decoding=\"async\" width=\"1024\" height=\"489\" src=\"https:\/\/camic.ca\/wp-content\/uploads\/SEH-Computer-Systems-2-1024x489.jpg\" alt=\"\" class=\"wp-image-5385 size-full\" srcset=\"https:\/\/camic.ca\/wp-content\/uploads\/SEH-Computer-Systems-2-1024x489.jpg 1024w, https:\/\/camic.ca\/wp-content\/uploads\/SEH-Computer-Systems-2-300x143.jpg 300w, https:\/\/camic.ca\/wp-content\/uploads\/SEH-Computer-Systems-2-768x367.jpg 768w, https:\/\/camic.ca\/wp-content\/uploads\/SEH-Computer-Systems-2-1536x733.jpg 1536w, https:\/\/camic.ca\/wp-content\/uploads\/SEH-Computer-Systems-2-2048x978.jpg 2048w, https:\/\/camic.ca\/wp-content\/uploads\/SEH-Computer-Systems-2-600x286.jpg 600w, https:\/\/camic.ca\/wp-content\/uploads\/SEH-Computer-Systems-2-scaled.jpg 2560w\" sizes=\"auto, (max-width: 1024px) 100vw, 1024px\" \/><\/figure><div class=\"wp-block-media-text__content\">\n<p>S E H commanditaire vers la pause caf\u00e9.<\/p>\n<\/div><\/div>\n\n\n\n<p><\/p>\n\n\n\n<h2 class=\"wp-block-heading\"><mark style=\"background-color:rgba(0, 0, 0, 0)\" class=\"has-inline-color has-vivid-red-color\">Commandites en nature:<\/mark><\/h2>\n\n\n\n<div class=\"wp-block-media-text is-stacked-on-mobile\"><figure class=\"wp-block-media-text__media\"><img loading=\"lazy\" decoding=\"async\" width=\"1024\" height=\"521\" src=\"https:\/\/camic.ca\/wp-content\/uploads\/TDGIS-Logo-1-1024x521.png\" alt=\"\" class=\"wp-image-5482 size-full\" srcset=\"https:\/\/camic.ca\/wp-content\/uploads\/TDGIS-Logo-1-1024x521.png 1024w, https:\/\/camic.ca\/wp-content\/uploads\/TDGIS-Logo-1-300x153.png 300w, https:\/\/camic.ca\/wp-content\/uploads\/TDGIS-Logo-1-768x391.png 768w, https:\/\/camic.ca\/wp-content\/uploads\/TDGIS-Logo-1-600x305.png 600w, https:\/\/camic.ca\/wp-content\/uploads\/TDGIS-Logo-1.png 1185w\" sizes=\"auto, (max-width: 1024px) 100vw, 1024px\" \/><\/figure><div class=\"wp-block-media-text__content\">\n<p>La session sur la situation \u00e9conomique du Canada est parrain\u00e9e par TD Asset Management.<\/p>\n<\/div><\/div>\n","protected":false},"excerpt":{"rendered":"<p>Quand Qui et O\u00f9 Lundi&nbsp;6&nbsp;mai&nbsp;: Salle Laurier 17h-17h30 Inscription 17&nbsp;h&nbsp;30 \u2013 18&nbsp;h&nbsp;30 R\u00e9ception d\u2019ouverture Rejoignez-nous pour une r\u00e9ception d\u2019ouverture afin de revoir vos coll\u00e8gues et vos ami.e.s\u2009! \u00c0 partir de 18&nbsp;h&nbsp;30 D\u00eener libre Veuillez cliquer ici pour consulter la liste de restaurants \u00e0 proximit\u00e9. Mardi&nbsp;7&nbsp;mai&nbsp;: Salle Adam 7&nbsp;h&nbsp;30 \u2013 7&nbsp;h&nbsp;45 Registration 7h55 Veuillez prendre place. [&hellip;]<\/p>\n","protected":false},"author":17,"featured_media":0,"parent":0,"menu_order":0,"comment_status":"closed","ping_status":"closed","template":"","meta":{"_seopress_robots_primary_cat":"","_seopress_titles_title":"","_seopress_titles_desc":"","_seopress_robots_index":"","footnotes":""},"class_list":["post-5280","page","type-page","status-publish","hentry"],"_links":{"self":[{"href":"https:\/\/camic.ca\/fr\/wp-json\/wp\/v2\/pages\/5280","targetHints":{"allow":["GET"]}}],"collection":[{"href":"https:\/\/camic.ca\/fr\/wp-json\/wp\/v2\/pages"}],"about":[{"href":"https:\/\/camic.ca\/fr\/wp-json\/wp\/v2\/types\/page"}],"author":[{"embeddable":true,"href":"https:\/\/camic.ca\/fr\/wp-json\/wp\/v2\/users\/17"}],"replies":[{"embeddable":true,"href":"https:\/\/camic.ca\/fr\/wp-json\/wp\/v2\/comments?post=5280"}],"version-history":[{"count":0,"href":"https:\/\/camic.ca\/fr\/wp-json\/wp\/v2\/pages\/5280\/revisions"}],"wp:attachment":[{"href":"https:\/\/camic.ca\/fr\/wp-json\/wp\/v2\/media?parent=5280"}],"curies":[{"name":"wp","href":"https:\/\/api.w.org\/{rel}","templated":true}]}}