{"id":7389,"date":"2026-01-12T16:18:40","date_gmt":"2026-01-12T21:18:40","guid":{"rendered":"https:\/\/camic.ca\/our-history\/"},"modified":"2026-01-15T16:57:21","modified_gmt":"2026-01-15T21:57:21","slug":"our-history","status":"publish","type":"page","link":"https:\/\/camic.ca\/fr\/our-history\/","title":{"rendered":"Notre Histoire"},"content":{"rendered":"\n<h1 class=\"wp-block-heading has-text-align-center\">Fondements historiques des<br>mutuelles canadiennes<\/h1>\n\n\n\t\t\t<!-- Cool Timeline PRO V6.1.1 -->\r\n\t\t\t<div class=\"ctl-wrapper\" role=\"region\" aria-label=\"Timeline\">\r\n\t\t\t\t\t\t\t\t<div id=\"cool_timeline_1\" class=\"cool-timeline-wrapper ctl-both-sided ctl-vertical-wrapper ctl-default\" data-nav=\"hide\" data-line-filling=\"false\" data-nav-pos=\"right\">\r\n\t\t\t\t\t<div class=\"ctl-start\"><\/div>\r\n\t\t\t\t\t<!-- Timeline Container -->\r\n\t\t\t\t\t<div class=\"ctl-timeline ctl-timeline-container\" data-animation=\"fade\" aria-live=\"polite\">\r\n\t\t\t\t\t\t<!-- Center Line -->\r\n\t\t\t\t\t\t<div class=\"ctl-inner-line\" role=\"presentation\"><\/div>\r\n\t\t\t\t\t\t<!-- Timeline Content --><div id=\"ctl-story-7397\" class=\"ctl-story ctl-story-dot-icon odd ctl-story-right ctl-no-media\" data-story-index=\"1\" role=\"article\"><!-- Story IconDot --><div class=\"ctl-icondot\"><\/div> <!-- Story Arrow --><div class=\"ctl-arrow\"><\/div>\r\n\t\t\t<!-- Story Content --><div class=\"ctl-content\"><!-- Story Title --> <div class=\"ctl-title story-7397\" role=\"heading\" aria-level=\"2\">AVANT 1835<\/div><!-- Story Description --><div class=\"ctl-description\"><ul>\r\n \t<li>L\u2019assurance \u00e9tait tr\u00e8s peu r\u00e9pandue au Canada. Elle \u00e9tait rarement disponible en milieu rural \u2014 o\u00f9 vivait pourtant 80 % de la population \u2014 ou alors \u00e0 un prix prohibitif. Les contrats n\u2019\u00e9taient pas r\u00e9glement\u00e9s et favorisaient largement les assureurs, qui versaient\r\ntr\u00e8s peu d\u2019indemnit\u00e9s.<\/li>\r\n \t<li>Les compagnies d\u2019assurance \u00e9taient bas\u00e9es en Angleterre, et les contrats r\u00e9dig\u00e9s en anglais, ce qui les rendait incompr\u00e9hensibles pour les agriculteurs francophones et germanophones.<\/li>\r\n \t<li>Les fermiers \u00e9taient pauvres et peu productifs; lorsqu\u2019un sinistre survenait, la communaut\u00e9 se mobilisait pour reconstruire la propri\u00e9t\u00e9 et fournir la main d\u2019\u0153uvre, tandis que les mat\u00e9riaux \u00e9taient pay\u00e9s collectivement.<\/li>\r\n<\/ul><\/div><\/div><\/div><!-- Timeline Content --><div id=\"ctl-story-7401\" class=\"ctl-story ctl-story-dot-icon even ctl-story-left ctl-no-media\" data-story-index=\"2\" role=\"article\"><!-- Story IconDot --><div class=\"ctl-icondot\"><\/div> <!-- Story Arrow --><div class=\"ctl-arrow\"><\/div>\r\n\t\t\t<!-- Story Content --><div class=\"ctl-content\"><!-- Story Title --> <div class=\"ctl-title story-7401\" role=\"heading\" aria-level=\"2\">1835 \u2013 D\u00c9BUT DES ANN\u00c9ES 1900<\/div><!-- Story Description --><div class=\"ctl-description\"><ul>\n<li>Des lois habilitantes furent adopt\u00e9es dans le Haut et le BasCanada, permettant la cr\u00e9ation de mutuelles locales.<\/li>\n<li>En Ontario, 110 compagnies virent le jour dans les cantons puis les municipalit\u00e9s. Au Qu\u00e9bec, plus de 300 mutuelles paroissiales furent fond\u00e9es.<\/li>\n<li>L\u2019assurance reposait sur la confiance : les administrateurs connaissaient personnellement chaque assur\u00e9. \u00catre assur\u00e9 \u00e9tait un privil\u00e8ge, non un droit.<\/li>\n<li>Les polices couvraient environ 50 % de la valeur des biens; les mat\u00e9riaux \u00e9taient indemnis\u00e9s et la maind\u2019\u0153uvre fournie gratuitement par les voisins.<\/li>\n<li>Les primes \u00e9taient pay\u00e9es apr\u00e8s l\u2019ann\u00e9e, couvrant les pertes, les int\u00e9r\u00eats et l\u2019administration. Toutefois, les contrats manquaient de clart\u00e9 et leur application \u00e9tait in\u00e9gale.<\/li>\n<li>Certaines mutuelles introduisirent deux cat\u00e9gories d\u2019assur\u00e9s (au comptant et avec billet de prime), ce qui mena \u00e0 leur incorporation f\u00e9d\u00e9rale. Pendant ce temps, les assureurs par actions britanniques et am\u00e9ricains exigeaient le paiement au d\u00e9but de l\u2019ann\u00e9e.<\/li>\n<\/ul>\n<\/div><\/div><\/div><!-- Timeline Content --><div id=\"ctl-story-7406\" class=\"ctl-story ctl-story-dot-icon odd ctl-story-right ctl-no-media\" data-story-index=\"3\" role=\"article\"><!-- Story IconDot --><div class=\"ctl-icondot\"><\/div> <!-- Story Arrow --><div class=\"ctl-arrow\"><\/div>\r\n\t\t\t<!-- Story Content --><div class=\"ctl-content\"><!-- Story Title --> <div class=\"ctl-title story-7406\" role=\"heading\" aria-level=\"2\">1900 \u2013 1950<\/div><!-- Story Description --><div class=\"ctl-description\"><ul>\n<li>La perception des primes en fin d\u2019ann\u00e9e devint difficile, particuli\u00e8rement durant la D\u00e9pression de 1929. Plusieurs mutuelles firent faillite.<\/li>\n<li>Pour stabiliser leurs finances, les mutuelles commenc\u00e8rent \u00e0 exiger la prime au d\u00e9but de l\u2019ann\u00e9e, combin\u00e9e au syst\u00e8me du billet de prime.<\/li>\n<li>La prime initiale repr\u00e9sentait environ 5 % de la valeur assur\u00e9e, avec un appel suppl\u00e9mentaire pouvant atteindre 5 % selon les besoins.<\/li>\n<li>Le r\u00e9gulateur reconnut que les surplus se trouvaient entre les mains des assur\u00e9s, en plus du potentiel d\u2019appel de fonds.<\/li>\n<li>Les mutuelles commenc\u00e8rent \u00e0 constituer des surplus et \u00e0 offrir des remboursements de primes lorsque justifi\u00e9.<\/li>\n<li>Des contrats plus clairs et mieux r\u00e9glement\u00e9s furent progressivement mis en place et appliqu\u00e9s de mani\u00e8re uniforme.<\/li>\n<\/ul>\n<\/div><\/div><\/div><!-- Timeline Content --><div id=\"ctl-story-7417\" class=\"ctl-story ctl-story-dot-icon even ctl-story-left ctl-no-media\" data-story-index=\"4\" role=\"article\"><!-- Story IconDot --><div class=\"ctl-icondot\"><\/div> <!-- Story Arrow --><div class=\"ctl-arrow\"><\/div>\r\n\t\t\t<!-- Story Content --><div class=\"ctl-content\"><!-- Story Title --> <div class=\"ctl-title story-7417\" role=\"heading\" aria-level=\"2\">1950 \u2013 \u00c0 AUJOURD\u2019HUI<\/div><!-- Story Description --><div class=\"ctl-description\"><ul>\n<li>Les consommateurs h\u00e9sitaient \u00e0 acheter une assurance n\u00e9cessitant la signature d\u2019un billet de prime, et les mutuelles n\u2019arrivaient pas \u00e0 constituer un surplus suffisamment<br \/>\nimportant pour abolir ce syst\u00e8me.<\/li>\n<li>Le r\u00e9gulateur accepta donc que les mutuelles \u00e9liminent le billet de prime \u00e0 condition de cr\u00e9er un Fonds de garantie.<\/li>\n<li>Pour g\u00e9rer les risques trop importants pour une seule mutuelle, cellesci mirent en place leur Plan de r\u00e9assurance mutuelle, un syst\u00e8me de mise en commun et de partage des risques qui demeure un pilier du mod\u00e8le mutualiste canadien.<\/li>\n<\/ul>\n<\/div><\/div><\/div>\t\t\t\t\t<\/div>\r\n\t\t\t\t\t<div class=\"ctl-end\"><\/div>\r\n\t\t\t\t\t\t\t\t\t<\/div>\r\n\t\t\t<\/div>\r\n\t\t\t","protected":false},"excerpt":{"rendered":"<p>Fondements historiques desmutuelles canadiennes<\/p>\n","protected":false},"author":3,"featured_media":0,"parent":0,"menu_order":0,"comment_status":"closed","ping_status":"closed","template":"","meta":{"_seopress_robots_primary_cat":"","_seopress_titles_title":"","_seopress_titles_desc":"","_seopress_robots_index":"","footnotes":""},"class_list":["post-7389","page","type-page","status-publish","hentry"],"_links":{"self":[{"href":"https:\/\/camic.ca\/fr\/wp-json\/wp\/v2\/pages\/7389","targetHints":{"allow":["GET"]}}],"collection":[{"href":"https:\/\/camic.ca\/fr\/wp-json\/wp\/v2\/pages"}],"about":[{"href":"https:\/\/camic.ca\/fr\/wp-json\/wp\/v2\/types\/page"}],"author":[{"embeddable":true,"href":"https:\/\/camic.ca\/fr\/wp-json\/wp\/v2\/users\/3"}],"replies":[{"embeddable":true,"href":"https:\/\/camic.ca\/fr\/wp-json\/wp\/v2\/comments?post=7389"}],"version-history":[{"count":0,"href":"https:\/\/camic.ca\/fr\/wp-json\/wp\/v2\/pages\/7389\/revisions"}],"wp:attachment":[{"href":"https:\/\/camic.ca\/fr\/wp-json\/wp\/v2\/media?parent=7389"}],"curies":[{"name":"wp","href":"https:\/\/api.w.org\/{rel}","templated":true}]}}